{"id":6616,"date":"2024-12-02T11:41:47","date_gmt":"2024-12-02T11:41:47","guid":{"rendered":"https:\/\/www.quarterpack.eu\/%ce%ba%ce%b1%cf%81%ce%b9%ce%ad%cf%81%ce%b1\/"},"modified":"2024-12-02T11:41:49","modified_gmt":"2024-12-02T11:41:49","slug":"%ce%ba%ce%b1%cf%81%ce%b9%ce%ad%cf%81%ce%b1","status":"publish","type":"page","link":"https:\/\/www.quarterpack.eu\/el\/%ce%ba%ce%b1%cf%81%ce%b9%ce%ad%cf%81%ce%b1\/","title":{"rendered":"\u03ba\u03b1\u03c1\u03b9\u03ad\u03c1\u03b1"},"content":{"rendered":"\t\t<div data-elementor-type=\"wp-page\" data-elementor-id=\"6616\" class=\"elementor elementor-6616 elementor-6299\" data-elementor-post-type=\"page\">\n\t\t\t\t\t\t<section class=\"elementor-section elementor-top-section elementor-element elementor-element-8ca06b4 elementor-section-boxed elementor-section-height-default elementor-section-height-default\" data-id=\"8ca06b4\" data-element_type=\"section\">\n\t\t\t\t\t\t<div class=\"elementor-container elementor-column-gap-default\">\n\t\t\t\t\t<div class=\"elementor-column elementor-col-100 elementor-top-column elementor-element elementor-element-215ac9b\" data-id=\"215ac9b\" data-element_type=\"column\">\n\t\t\t<div class=\"elementor-widget-wrap elementor-element-populated\">\n\t\t\t\t\t\t<div class=\"elementor-element elementor-element-9b62c06 animated-slow elementor-invisible elementor-widget elementor-widget-heading\" data-id=\"9b62c06\" data-element_type=\"widget\" data-settings=\"{&quot;_animation&quot;:&quot;fadeIn&quot;}\" data-widget_type=\"heading.default\">\n\t\t\t\t<div class=\"elementor-widget-container\">\n\t\t\t<style>\/*! elementor - v3.19.0 - 07-02-2024 *\/\n.elementor-heading-title{padding:0;margin:0;line-height:1}.elementor-widget-heading .elementor-heading-title[class*=elementor-size-]>a{color:inherit;font-size:inherit;line-height:inherit}.elementor-widget-heading .elementor-heading-title.elementor-size-small{font-size:15px}.elementor-widget-heading .elementor-heading-title.elementor-size-medium{font-size:19px}.elementor-widget-heading .elementor-heading-title.elementor-size-large{font-size:29px}.elementor-widget-heading .elementor-heading-title.elementor-size-xl{font-size:39px}.elementor-widget-heading .elementor-heading-title.elementor-size-xxl{font-size:59px}<\/style><h2 class=\"elementor-heading-title elementor-size-default\">\u0391\u03bd\u03bf\u03b9\u03c7\u03c4\u03ad\u03c2 \u03b8\u03ad\u03c3\u03b5\u03b9\u03c2 \u03ba\u03b1\u03b9 \u03ba\u03b1\u03c1\u03b9\u03ad\u03c1\u03b5\u03c2<\/h2>\t\t<\/div>\n\t\t\t\t<\/div>\n\t\t\t\t<div class=\"elementor-element elementor-element-648bc2d elementor-widget-divider--view-line elementor-widget elementor-widget-divider\" data-id=\"648bc2d\" data-element_type=\"widget\" data-widget_type=\"divider.default\">\n\t\t\t\t<div class=\"elementor-widget-container\">\n\t\t\t<style>\/*! elementor - v3.19.0 - 07-02-2024 *\/\n.elementor-widget-divider{--divider-border-style:none;--divider-border-width:1px;--divider-color:#0c0d0e;--divider-icon-size:20px;--divider-element-spacing:10px;--divider-pattern-height:24px;--divider-pattern-size:20px;--divider-pattern-url:none;--divider-pattern-repeat:repeat-x}.elementor-widget-divider .elementor-divider{display:flex}.elementor-widget-divider .elementor-divider__text{font-size:15px;line-height:1;max-width:95%}.elementor-widget-divider .elementor-divider__element{margin:0 var(--divider-element-spacing);flex-shrink:0}.elementor-widget-divider .elementor-icon{font-size:var(--divider-icon-size)}.elementor-widget-divider .elementor-divider-separator{display:flex;margin:0;direction:ltr}.elementor-widget-divider--view-line_icon .elementor-divider-separator,.elementor-widget-divider--view-line_text .elementor-divider-separator{align-items:center}.elementor-widget-divider--view-line_icon .elementor-divider-separator:after,.elementor-widget-divider--view-line_icon .elementor-divider-separator:before,.elementor-widget-divider--view-line_text .elementor-divider-separator:after,.elementor-widget-divider--view-line_text .elementor-divider-separator:before{display:block;content:\"\";border-block-end:0;flex-grow:1;border-block-start:var(--divider-border-width) var(--divider-border-style) var(--divider-color)}.elementor-widget-divider--element-align-left .elementor-divider .elementor-divider-separator>.elementor-divider__svg:first-of-type{flex-grow:0;flex-shrink:100}.elementor-widget-divider--element-align-left .elementor-divider-separator:before{content:none}.elementor-widget-divider--element-align-left .elementor-divider__element{margin-left:0}.elementor-widget-divider--element-align-right .elementor-divider .elementor-divider-separator>.elementor-divider__svg:last-of-type{flex-grow:0;flex-shrink:100}.elementor-widget-divider--element-align-right .elementor-divider-separator:after{content:none}.elementor-widget-divider--element-align-right .elementor-divider__element{margin-right:0}.elementor-widget-divider--element-align-start .elementor-divider .elementor-divider-separator>.elementor-divider__svg:first-of-type{flex-grow:0;flex-shrink:100}.elementor-widget-divider--element-align-start .elementor-divider-separator:before{content:none}.elementor-widget-divider--element-align-start .elementor-divider__element{margin-inline-start:0}.elementor-widget-divider--element-align-end .elementor-divider .elementor-divider-separator>.elementor-divider__svg:last-of-type{flex-grow:0;flex-shrink:100}.elementor-widget-divider--element-align-end .elementor-divider-separator:after{content:none}.elementor-widget-divider--element-align-end .elementor-divider__element{margin-inline-end:0}.elementor-widget-divider:not(.elementor-widget-divider--view-line_text):not(.elementor-widget-divider--view-line_icon) .elementor-divider-separator{border-block-start:var(--divider-border-width) var(--divider-border-style) var(--divider-color)}.elementor-widget-divider--separator-type-pattern{--divider-border-style:none}.elementor-widget-divider--separator-type-pattern.elementor-widget-divider--view-line .elementor-divider-separator,.elementor-widget-divider--separator-type-pattern:not(.elementor-widget-divider--view-line) .elementor-divider-separator:after,.elementor-widget-divider--separator-type-pattern:not(.elementor-widget-divider--view-line) .elementor-divider-separator:before,.elementor-widget-divider--separator-type-pattern:not([class*=elementor-widget-divider--view]) .elementor-divider-separator{width:100%;min-height:var(--divider-pattern-height);-webkit-mask-size:var(--divider-pattern-size) 100%;mask-size:var(--divider-pattern-size) 100%;-webkit-mask-repeat:var(--divider-pattern-repeat);mask-repeat:var(--divider-pattern-repeat);background-color:var(--divider-color);-webkit-mask-image:var(--divider-pattern-url);mask-image:var(--divider-pattern-url)}.elementor-widget-divider--no-spacing{--divider-pattern-size:auto}.elementor-widget-divider--bg-round{--divider-pattern-repeat:round}.rtl .elementor-widget-divider .elementor-divider__text{direction:rtl}.e-con-inner>.elementor-widget-divider,.e-con>.elementor-widget-divider{width:var(--container-widget-width,100%);--flex-grow:var(--container-widget-flex-grow)}<\/style>\t\t<div class=\"elementor-divider\">\n\t\t\t<span class=\"elementor-divider-separator\">\n\t\t\t\t\t\t<\/span>\n\t\t<\/div>\n\t\t\t\t<\/div>\n\t\t\t\t<\/div>\n\t\t\t\t<div class=\"elementor-element elementor-element-7ff01c5 elementor-widget elementor-widget-accordion\" data-id=\"7ff01c5\" data-element_type=\"widget\" data-widget_type=\"accordion.default\">\n\t\t\t\t<div class=\"elementor-widget-container\">\n\t\t\t<style>\/*! elementor - v3.19.0 - 07-02-2024 *\/\n.elementor-accordion{text-align:left}.elementor-accordion .elementor-accordion-item{border:1px solid #d5d8dc}.elementor-accordion .elementor-accordion-item+.elementor-accordion-item{border-top:none}.elementor-accordion .elementor-tab-title{margin:0;padding:15px 20px;font-weight:700;line-height:1;cursor:pointer;outline:none}.elementor-accordion .elementor-tab-title .elementor-accordion-icon{display:inline-block;width:1.5em}.elementor-accordion .elementor-tab-title .elementor-accordion-icon svg{width:1em;height:1em}.elementor-accordion .elementor-tab-title .elementor-accordion-icon.elementor-accordion-icon-right{float:right;text-align:right}.elementor-accordion .elementor-tab-title .elementor-accordion-icon.elementor-accordion-icon-left{float:left;text-align:left}.elementor-accordion .elementor-tab-title .elementor-accordion-icon .elementor-accordion-icon-closed{display:block}.elementor-accordion .elementor-tab-title .elementor-accordion-icon .elementor-accordion-icon-opened,.elementor-accordion .elementor-tab-title.elementor-active .elementor-accordion-icon-closed{display:none}.elementor-accordion .elementor-tab-title.elementor-active .elementor-accordion-icon-opened{display:block}.elementor-accordion .elementor-tab-content{display:none;padding:15px 20px;border-top:1px solid #d5d8dc}@media (max-width:767px){.elementor-accordion .elementor-tab-title{padding:12px 15px}.elementor-accordion .elementor-tab-title .elementor-accordion-icon{width:1.2em}.elementor-accordion .elementor-tab-content{padding:7px 15px}}.e-con-inner>.elementor-widget-accordion,.e-con>.elementor-widget-accordion{width:var(--container-widget-width);--flex-grow:var(--container-widget-flex-grow)}<\/style>\t\t<div class=\"elementor-accordion\">\n\t\t\t\t\t\t\t<div class=\"elementor-accordion-item\">\n\t\t\t\t\t<div id=\"elementor-tab-title-1341\" class=\"elementor-tab-title\" data-tab=\"1\" role=\"button\" aria-controls=\"elementor-tab-content-1341\" aria-expanded=\"false\">\n\t\t\t\t\t\t\t\t\t\t\t\t\t<span class=\"elementor-accordion-icon elementor-accordion-icon-left\" aria-hidden=\"true\">\n\t\t\t\t\t\t\t\t\t\t\t\t\t\t\t<span class=\"elementor-accordion-icon-closed\"><i class=\"fas fa-plus\"><\/i><\/span>\n\t\t\t\t\t\t\t\t<span class=\"elementor-accordion-icon-opened\"><i class=\"fas fa-minus\"><\/i><\/span>\n\t\t\t\t\t\t\t\t\t\t\t\t\t\t<\/span>\n\t\t\t\t\t\t\t\t\t\t\t\t<a class=\"elementor-accordion-title\" tabindex=\"0\">\u0395\u03be\u03c5\u03c0\u03b7\u03c1\u03ad\u03c4\u03b7\u03c3\u03b7 \u03c0\u03b5\u03bb\u03b1\u03c4\u03ce\u03bd (m\/w\/d)<\/a>\n\t\t\t\t\t<\/div>\n\t\t\t\t\t<div id=\"elementor-tab-content-1341\" class=\"elementor-tab-content elementor-clearfix\" data-tab=\"1\" role=\"region\" aria-labelledby=\"elementor-tab-title-1341\"><p><strong>Du hast<\/strong><br \/>\u2022 Erfahrung in der Arbeitsvorbereitung<br \/>\u2022 Kenntnisse \u00fcber Druckverfahren und Drucktechnik<br \/>\u2022 technisches Wissen in der Druckvorstufe<\/p>\n<p><strong>Du bist<\/strong><br \/>\u2022 organisiert, strukturiert und genau<br \/>\u2022 extrovertiert, teamf\u00e4hig und erfahren im direkten Kundenkontakt<br \/>\u2022 motiviert, flexibel und lernbereit<\/p>\n<p><strong>Du suchst<\/strong><br \/>\u2022 einen zukunftsorientierten Job, in dem du lernst und Erfahrungen sammelst<br \/>\u2022 eine Aufgabe, in der Du Verantwortung tr\u00e4gst<br \/>\u2022 ein junges Team, in dem Du ein wichtiger Teil wirst<\/p>\n<p><strong>Wir sind<\/strong><br \/>\u2022 ein innovatives Unternehmen im Industriezentrum Nieder\u00f6sterreich<br \/>\u2022 ein dynamisches und motiviertes Team, das nun Verst\u00e4rkung sucht<\/p>\n<p><strong>Wir bieten<\/strong><br \/>\u2022 einen sicheren Arbeitsplatz in der Auftragsvorbereitung<br \/>\u2022 die M\u00f6glichkeit, mit f\u00fchrenden Unternehmen der graphischen Industrie zusammenzuarbeiten<br \/>\u2022 die Chance, mit dem Unternehmen zu wachsen<\/p>\n<p>Interesse geweckt?<\/p>\n<p>Dann freuen wir uns auf deine Bewerbung unter: <a href=\"mailto:jobs@quarterpack.eu\">jobs@quarterpack.eu<\/a><\/p>\n<\/div>\n\t\t\t\t<\/div>\n\t\t\t\t\t\t\t<div class=\"elementor-accordion-item\">\n\t\t\t\t\t<div id=\"elementor-tab-title-1342\" class=\"elementor-tab-title\" data-tab=\"2\" role=\"button\" aria-controls=\"elementor-tab-content-1342\" aria-expanded=\"false\">\n\t\t\t\t\t\t\t\t\t\t\t\t\t<span class=\"elementor-accordion-icon elementor-accordion-icon-left\" aria-hidden=\"true\">\n\t\t\t\t\t\t\t\t\t\t\t\t\t\t\t<span class=\"elementor-accordion-icon-closed\"><i class=\"fas fa-plus\"><\/i><\/span>\n\t\t\t\t\t\t\t\t<span class=\"elementor-accordion-icon-opened\"><i class=\"fas fa-minus\"><\/i><\/span>\n\t\t\t\t\t\t\t\t\t\t\t\t\t\t<\/span>\n\t\t\t\t\t\t\t\t\t\t\t\t<a class=\"elementor-accordion-title\" tabindex=\"0\">\u03a4\u03b5\u03c7\u03bd\u03b9\u03ba\u03cc\u03c2 \u03c0\u03c1\u03bf\u03b5\u03ba\u03c4\u03cd\u03c0\u03c9\u03c3\u03b7\u03c2 (m\/f\/d)<\/a>\n\t\t\t\t\t<\/div>\n\t\t\t\t\t<div id=\"elementor-tab-content-1342\" class=\"elementor-tab-content elementor-clearfix\" data-tab=\"2\" role=\"region\" aria-labelledby=\"elementor-tab-title-1342\"><p><strong>Du hast<\/strong><br \/>\u2022 Erfahrung in der Druckvorstufe<br \/>\u2022 technisches Wissen \u00fcber Druckverfahren, Repro- und Drucktechnik<br \/>\u2022 die F\u00e4higkeit, unter Zeitdruck exakt zu arbeiten<\/p>\n<p><strong>Du bist<\/strong><br \/>\u2022 konzentriert, genau und effizient<br \/>\u2022 flexibel, eigenst\u00e4ndig und kommunikativ<br \/>\u2022 l\u00f6sungsorientiert und gut im Umgang mit an Dich gestellten Anforderungen<\/p>\n<p><strong>Du suchst<\/strong><br \/>\u2022 einen zukunftsorientierten Job, in dem du lernst und Erfahrungen sammelst<br \/>\u2022 eine Aufgabe, in der Du Verantwortung tr\u00e4gst<br \/>\u2022 ein junges Team, in dem Du ein wichtiger Teil wirst<\/p>\n<p><strong>Wir sind<\/strong><br \/>\u2022 ein innovatives Unternehmen im Industriezentrum Nieder\u00f6sterreich<br \/>\u2022 ein dynamisches und motiviertes Team, das nun Verst\u00e4rkung sucht<\/p>\n<p><strong>Wir bieten<\/strong><br \/>\u2022 einen sicheren Arbeitsplatz in der Druckvorstufe<br \/>\u2022 die M\u00f6glichkeit, mit Pr\u00e4zision an der Erstellung und Pr\u00fcfung von Druckunterlagen zu arbeiten<br \/>\u2022 die Chance, mit modernster Technologie aus der Druckindustrie zu arbeiten<\/p>\n<p>Interesse geweckt?<\/p>\n<p>Dann freuen wir uns auf deine Bewerbung unter: <a href=\"mailto:jobs@quarterpack.eu\">jobs@quarterpack.eu<\/a><\/p>\n<\/div>\n\t\t\t\t<\/div>\n\t\t\t\t\t\t\t\t<\/div>\n\t\t\t\t<\/div>\n\t\t\t\t<\/div>\n\t\t\t\t<div class=\"elementor-element elementor-element-270dbef elementor-widget elementor-widget-spacer\" data-id=\"270dbef\" data-element_type=\"widget\" data-widget_type=\"spacer.default\">\n\t\t\t\t<div class=\"elementor-widget-container\">\n\t\t\t<style>\/*! elementor - v3.19.0 - 07-02-2024 *\/\n.elementor-column .elementor-spacer-inner{height:var(--spacer-size)}.e-con{--container-widget-width:100%}.e-con-inner>.elementor-widget-spacer,.e-con>.elementor-widget-spacer{width:var(--container-widget-width,var(--spacer-size));--align-self:var(--container-widget-align-self,initial);--flex-shrink:0}.e-con-inner>.elementor-widget-spacer>.elementor-widget-container,.e-con>.elementor-widget-spacer>.elementor-widget-container{height:100%;width:100%}.e-con-inner>.elementor-widget-spacer>.elementor-widget-container>.elementor-spacer,.e-con>.elementor-widget-spacer>.elementor-widget-container>.elementor-spacer{height:100%}.e-con-inner>.elementor-widget-spacer>.elementor-widget-container>.elementor-spacer>.elementor-spacer-inner,.e-con>.elementor-widget-spacer>.elementor-widget-container>.elementor-spacer>.elementor-spacer-inner{height:var(--container-widget-height,var(--spacer-size))}.e-con-inner>.elementor-widget-spacer.elementor-widget-empty,.e-con>.elementor-widget-spacer.elementor-widget-empty{position:relative;min-height:22px;min-width:22px}.e-con-inner>.elementor-widget-spacer.elementor-widget-empty .elementor-widget-empty-icon,.e-con>.elementor-widget-spacer.elementor-widget-empty .elementor-widget-empty-icon{position:absolute;top:0;bottom:0;left:0;right:0;margin:auto;padding:0;width:22px;height:22px}<\/style>\t\t<div class=\"elementor-spacer\">\n\t\t\t<div class=\"elementor-spacer-inner\"><\/div>\n\t\t<\/div>\n\t\t\t\t<\/div>\n\t\t\t\t<\/div>\n\t\t\t\t\t<\/div>\n\t\t<\/div>\n\t\t\t\t\t<\/div>\n\t\t<\/section>\n\t\t\t\t<\/div>\n\t\t","protected":false},"excerpt":{"rendered":"<p>\u0391\u03bd\u03bf\u03b9\u03c7\u03c4\u03ad\u03c2 \u03b8\u03ad\u03c3\u03b5\u03b9\u03c2 \u03ba\u03b1\u03b9 \u03ba\u03b1\u03c1\u03b9\u03ad\u03c1\u03b5\u03c2 \u0395\u03be\u03c5\u03c0\u03b7\u03c1\u03ad\u03c4\u03b7\u03c3\u03b7 \u03c0\u03b5\u03bb\u03b1\u03c4\u03ce\u03bd (m\/w\/d) Du hast\u2022 Erfahrung in der Arbeitsvorbereitung\u2022 Kenntnisse \u00fcber Druckverfahren und Drucktechnik\u2022 technisches Wissen in der Druckvorstufe Du bist\u2022 organisiert, strukturiert und genau\u2022 extrovertiert, teamf\u00e4hig und erfahren im direkten Kundenkontakt\u2022 motiviert, flexibel und lernbereit Du suchst\u2022 einen zukunftsorientierten Job, in dem du lernst und Erfahrungen sammelst\u2022 eine Aufgabe, in [&hellip;]<\/p>\n","protected":false},"author":5,"featured_media":0,"parent":0,"menu_order":0,"comment_status":"closed","ping_status":"closed","template":"","meta":{"inline_featured_image":false,"footnotes":""},"_links":{"self":[{"href":"https:\/\/www.quarterpack.eu\/el\/wp-json\/wp\/v2\/pages\/6616"}],"collection":[{"href":"https:\/\/www.quarterpack.eu\/el\/wp-json\/wp\/v2\/pages"}],"about":[{"href":"https:\/\/www.quarterpack.eu\/el\/wp-json\/wp\/v2\/types\/page"}],"author":[{"embeddable":true,"href":"https:\/\/www.quarterpack.eu\/el\/wp-json\/wp\/v2\/users\/5"}],"replies":[{"embeddable":true,"href":"https:\/\/www.quarterpack.eu\/el\/wp-json\/wp\/v2\/comments?post=6616"}],"version-history":[{"count":2,"href":"https:\/\/www.quarterpack.eu\/el\/wp-json\/wp\/v2\/pages\/6616\/revisions"}],"predecessor-version":[{"id":6620,"href":"https:\/\/www.quarterpack.eu\/el\/wp-json\/wp\/v2\/pages\/6616\/revisions\/6620"}],"wp:attachment":[{"href":"https:\/\/www.quarterpack.eu\/el\/wp-json\/wp\/v2\/media?parent=6616"}],"curies":[{"name":"wp","href":"https:\/\/api.w.org\/{rel}","templated":true}]}}