{"id":6147,"date":"2021-03-19T09:17:47","date_gmt":"2021-03-19T09:17:47","guid":{"rendered":"https:\/\/www.quarterpack.eu\/imprint\/"},"modified":"2025-01-10T14:35:44","modified_gmt":"2025-01-10T14:35:44","slug":"imprint","status":"publish","type":"page","link":"https:\/\/www.quarterpack.eu\/en\/imprint\/","title":{"rendered":"Imprint"},"content":{"rendered":"\t\t<div data-elementor-type=\"wp-page\" data-elementor-id=\"6147\" class=\"elementor elementor-6147 elementor-5839\" data-elementor-post-type=\"page\">\n\t\t\t\t\t\t<section class=\"elementor-section elementor-top-section elementor-element elementor-element-4dd20813 elementor-section-boxed elementor-section-height-default elementor-section-height-default\" data-id=\"4dd20813\" data-element_type=\"section\">\n\t\t\t\t\t\t<div class=\"elementor-container elementor-column-gap-default\">\n\t\t\t\t\t<div class=\"elementor-column elementor-col-100 elementor-top-column elementor-element elementor-element-5dfa61de\" data-id=\"5dfa61de\" data-element_type=\"column\">\n\t\t\t<div class=\"elementor-widget-wrap elementor-element-populated\">\n\t\t\t\t\t\t<div class=\"elementor-element elementor-element-653a35f elementor-widget elementor-widget-heading\" data-id=\"653a35f\" data-element_type=\"widget\" data-widget_type=\"heading.default\">\n\t\t\t\t<div class=\"elementor-widget-container\">\n\t\t\t<style>\/*! elementor - v3.19.0 - 07-02-2024 *\/\n.elementor-heading-title{padding:0;margin:0;line-height:1}.elementor-widget-heading .elementor-heading-title[class*=elementor-size-]>a{color:inherit;font-size:inherit;line-height:inherit}.elementor-widget-heading .elementor-heading-title.elementor-size-small{font-size:15px}.elementor-widget-heading .elementor-heading-title.elementor-size-medium{font-size:19px}.elementor-widget-heading .elementor-heading-title.elementor-size-large{font-size:29px}.elementor-widget-heading .elementor-heading-title.elementor-size-xl{font-size:39px}.elementor-widget-heading .elementor-heading-title.elementor-size-xxl{font-size:59px}<\/style><h2 class=\"elementor-heading-title elementor-size-default\">Imprint<\/h2>\t\t<\/div>\n\t\t\t\t<\/div>\n\t\t\t\t<div class=\"elementor-element elementor-element-24979e53 elementor-widget elementor-widget-text-editor\" data-id=\"24979e53\" data-element_type=\"widget\" data-widget_type=\"text-editor.default\">\n\t\t\t\t<div class=\"elementor-widget-container\">\n\t\t\t<style>\/*! elementor - v3.19.0 - 07-02-2024 *\/\n.elementor-widget-text-editor.elementor-drop-cap-view-stacked .elementor-drop-cap{background-color:#69727d;color:#fff}.elementor-widget-text-editor.elementor-drop-cap-view-framed .elementor-drop-cap{color:#69727d;border:3px solid;background-color:transparent}.elementor-widget-text-editor:not(.elementor-drop-cap-view-default) .elementor-drop-cap{margin-top:8px}.elementor-widget-text-editor:not(.elementor-drop-cap-view-default) .elementor-drop-cap-letter{width:1em;height:1em}.elementor-widget-text-editor .elementor-drop-cap{float:left;text-align:center;line-height:1;font-size:50px}.elementor-widget-text-editor .elementor-drop-cap-letter{display:inline-block}<\/style>\t\t\t\t<p>Company: QuarterPack GmbH<\/p><p>Owner: Alexander Gruber, J\u00f6rg Eibl<\/p><p>Management: Alexander Gruber<\/p><p class=\"r\">Gesellschaft mit beschr\u00e4nkter Haftung<\/p><p>FG Werbung und Marktkommunikation,\u00a0<span class=\"link-list__desc\">Werbeagentur<\/span><\/p><p>FN 398746t<br \/>FB-Gericht: Landesgericht Wr. Neustadt<br \/>Sitz: \u2028IZ N\u00d6-S\u00fcd, Stra\u00dfe 2a, Obj. M10A, 2355 Wiener Neudorf<br \/>Tel: <a href=\"tel:436769605321\">+43 (0) 6769605321<\/a><br \/>E-Mail: <a href=\"mailto:office@quarterpack.eu\">office@quarterpack.eu<\/a><br \/>Homepage:\u00a0<a href=\"https:\/\/www.quarterpack.eu\/en\/\">https:\/\/www.quarterpack.eu<\/a><\/p><p>Professional law: Trade regulations <a href=\"http:\/\/www.ris.bka.gv.at\/\" target=\"_blank\" rel=\"noopener noreferrer\">http:\/\/www.ris.bka.gv.at\/<\/a><\/p><p>Bezirkshauptmanschaft M\u00f6dling<\/p><p>Consumers have the possibility to submit complaints to the EU online dispute resolution platform: <a href=\"http:\/\/ec.europa.eu\/odr\" target=\"_blank\" rel=\"nofollow noopener\" data-schema-attribute=\"\">http:\/\/ec.europa.eu\/odr<\/a>. You can also send any complaints to the above e-mail address.<\/p><p>Our concern:\u00a0Information about goods and services of the company, as well as promotion of sales of the same.<\/p><p>Copyright: All texts, graphics and images are protected by copyright.<\/p><p>Copyright Bilder:<br \/>\u00a9Shutterstock.com<br \/>\u00a9Stockunlimited.com<br \/>\u00a9Fotolia.com<\/p><p><span style=\"color: #808080;\"><a style=\"color: #808080;\" href=\"https:\/\/kolbamedia.com\/?utm_source=quarterpack&amp;utm_medium=link&amp;utm_campaign=ClientWebsite&amp;utm_content=footerlink\" target=\"_blank\" rel=\"noopener\">Webdesign &amp; Konzept von KolbaMedia\u2122<\/a><\/span><\/p>\t\t\t\t\t\t<\/div>\n\t\t\t\t<\/div>\n\t\t\t\t\t<\/div>\n\t\t<\/div>\n\t\t\t\t\t<\/div>\n\t\t<\/section>\n\t\t\t\t<\/div>\n\t\t","protected":false},"excerpt":{"rendered":"<p>Imprint Company: QuarterPack GmbH Owner: Alexander Gruber, J\u00f6rg Eibl Management: Alexander Gruber Gesellschaft mit beschr\u00e4nkter Haftung FG Werbung und Marktkommunikation,\u00a0Werbeagentur FN 398746tFB-Gericht: Landesgericht Wr. NeustadtSitz: \u2028IZ N\u00d6-S\u00fcd, Stra\u00dfe 2a, Obj. M10A, 2355 Wiener NeudorfTel: +43 (0) 6769605321E-Mail: office@quarterpack.euHomepage:\u00a0https:\/\/www.quarterpack.eu Professional law: Trade regulations http:\/\/www.ris.bka.gv.at\/ Bezirkshauptmanschaft M\u00f6dling Consumers have the possibility to submit complaints to the EU [&hellip;]<\/p>\n","protected":false},"author":5,"featured_media":0,"parent":0,"menu_order":0,"comment_status":"closed","ping_status":"closed","template":"","meta":{"inline_featured_image":false,"footnotes":""},"_links":{"self":[{"href":"https:\/\/www.quarterpack.eu\/en\/wp-json\/wp\/v2\/pages\/6147"}],"collection":[{"href":"https:\/\/www.quarterpack.eu\/en\/wp-json\/wp\/v2\/pages"}],"about":[{"href":"https:\/\/www.quarterpack.eu\/en\/wp-json\/wp\/v2\/types\/page"}],"author":[{"embeddable":true,"href":"https:\/\/www.quarterpack.eu\/en\/wp-json\/wp\/v2\/users\/5"}],"replies":[{"embeddable":true,"href":"https:\/\/www.quarterpack.eu\/en\/wp-json\/wp\/v2\/comments?post=6147"}],"version-history":[{"count":5,"href":"https:\/\/www.quarterpack.eu\/en\/wp-json\/wp\/v2\/pages\/6147\/revisions"}],"predecessor-version":[{"id":6750,"href":"https:\/\/www.quarterpack.eu\/en\/wp-json\/wp\/v2\/pages\/6147\/revisions\/6750"}],"wp:attachment":[{"href":"https:\/\/www.quarterpack.eu\/en\/wp-json\/wp\/v2\/media?parent=6147"}],"curies":[{"name":"wp","href":"https:\/\/api.w.org\/{rel}","templated":true}]}}